{"id":3982,"date":"2014-12-15T18:23:27","date_gmt":"2014-12-15T17:23:27","guid":{"rendered":"https:\/\/undsgn.com\/uncode\/?page_id=3982"},"modified":"2026-01-15T13:27:36","modified_gmt":"2026-01-15T13:27:36","slug":"contact-wide","status":"publish","type":"page","link":"https:\/\/zergerler.az\/?page_id=3982","title":{"rendered":"\u018flaq\u0259"},"content":{"rendered":"<div class=\"wpb-content-wrapper\"><p>[vc_row unlock_row_content=&#8221;yes&#8221; row_height_percent=&#8221;0&#8243; override_padding=&#8221;yes&#8221; h_padding=&#8221;0&#8243; top_padding=&#8221;0&#8243; bottom_padding=&#8221;0&#8243; overlay_alpha=&#8221;100&#8243; equal_height=&#8221;yes&#8221; gutter_size=&#8221;0&#8243; shift_y=&#8221;0&#8243; style=&#8221;inherited&#8221;][vc_column column_width_percent=&#8221;100&#8243; gutter_size=&#8221;3&#8243; override_padding=&#8221;yes&#8221; column_padding=&#8221;5&#8243; overlay_alpha=&#8221;100&#8243; shift_x=&#8221;0&#8243; shift_y=&#8221;0&#8243; medium_width=&#8221;0&#8243; zoom_width=&#8221;0&#8243; zoom_height=&#8221;0&#8243; width=&#8221;1\/3&#8243;][vc_column_text uncode_shortcode_id=&#8221;169982&#8243;]<span lang=\"AZ-LATIN\"><strong>\u00fcnvan<\/strong>: Bak\u0131, \u0130\u00e7\u0259ri\u015f\u0259h\u0259r, H\u0259qiq\u0259t Rzayeva k\u00fc\u00e7., ev 5<\/span><\/p>\n<p><strong>telefon<\/strong>: 012-492-42-42<\/p>\n<p><strong>e-mail<\/strong>: info@zergerler.az<\/p>\n<p>&nbsp;<\/p>\n<p>Assosiasiyaya \u00fczv olmaq \u00fc\u00e7\u00fcn:<\/p>\n<p><a href=\"https:\/\/zergerler.az\/wp-content\/uploads\/2023\/10\/ERIZE-uzvluk-huquqi-s\u0259xs.docx\" target=\"_blank\" rel=\"noopener\">H\u00dcQUQ\u0130 \u015e\u018fXSL\u018fR\u0130N \u018fR\u0130Z\u018f FORMASI<\/a><\/p>\n<p><a href=\"https:\/\/zergerler.az\/wp-content\/uploads\/2023\/10\/ERIZE-uzvluk-f\u0259rdi-sahibkar.docx\" target=\"_blank\" rel=\"noopener\">F\u018fRD\u0130 SAH\u0130BKARLARIN \u018fR\u0130Z\u018f FORMASI<\/a><\/p>\n<p><a href=\"https:\/\/zergerler.az\/wp-content\/uploads\/2023\/10\/ERIZE-uzvluk-fiziki-s\u0259xs.docx\" target=\"_blank\" rel=\"noopener\">F\u0130Z\u0130K\u0130 \u015e\u018fXSL\u018fR\u0130N \u018fR\u0130Z\u018f FORMASI<\/a>[\/vc_column_text][\/vc_column][vc_column column_width_percent=&#8221;100&#8243; position_horizontal=&#8221;left&#8221; gutter_size=&#8221;3&#8243; override_padding=&#8221;yes&#8221; column_padding=&#8221;5&#8243; back_color=&#8221;color-lxmt&#8221; overlay_alpha=&#8221;100&#8243; shift_x=&#8221;0&#8243; shift_y=&#8221;0&#8243; medium_width=&#8221;0&#8243; zoom_width=&#8221;0&#8243; zoom_height=&#8221;0&#8243; width=&#8221;2\/3&#8243;][vc_single_image media=&#8221;83114&#8243; media_width_percent=&#8221;97&#8243; media_ratio=&#8221;twentyone-nine&#8221;][\/vc_column][\/vc_row]<\/p>\n<\/div>","protected":false},"excerpt":{"rendered":"<p>[vc_row unlock_row_content=&#8221;yes&#8221; row_height_percent=&#8221;0&#8243; override_padding=&#8221;yes&#8221; h_padding=&#8221;0&#8243; top_padding=&#8221;0&#8243; bottom_padding=&#8221;0&#8243; overlay_alpha=&#8221;100&#8243; equal_height=&#8221;yes&#8221; gutter_size=&#8221;0&#8243; shift_y=&#8221;0&#8243; style=&#8221;inherited&#8221;][vc_column column_width_percent=&#8221;100&#8243; gutter_size=&#8221;3&#8243; override_padding=&#8221;yes&#8221; column_padding=&#8221;5&#8243; overlay_alpha=&#8221;100&#8243; shift_x=&#8221;0&#8243; shift_y=&#8221;0&#8243; medium_width=&#8221;0&#8243; [&hellip;]<\/p>\n","protected":false},"author":1,"featured_media":82615,"parent":0,"menu_order":0,"comment_status":"closed","ping_status":"closed","template":"","meta":{"footnotes":""},"class_list":["post-3982","page","type-page","status-publish","has-post-thumbnail","hentry"],"_links":{"self":[{"href":"https:\/\/zergerler.az\/index.php?rest_route=\/wp\/v2\/pages\/3982","targetHints":{"allow":["GET"]}}],"collection":[{"href":"https:\/\/zergerler.az\/index.php?rest_route=\/wp\/v2\/pages"}],"about":[{"href":"https:\/\/zergerler.az\/index.php?rest_route=\/wp\/v2\/types\/page"}],"author":[{"embeddable":true,"href":"https:\/\/zergerler.az\/index.php?rest_route=\/wp\/v2\/users\/1"}],"replies":[{"embeddable":true,"href":"https:\/\/zergerler.az\/index.php?rest_route=%2Fwp%2Fv2%2Fcomments&post=3982"}],"version-history":[{"count":46,"href":"https:\/\/zergerler.az\/index.php?rest_route=\/wp\/v2\/pages\/3982\/revisions"}],"predecessor-version":[{"id":84114,"href":"https:\/\/zergerler.az\/index.php?rest_route=\/wp\/v2\/pages\/3982\/revisions\/84114"}],"wp:featuredmedia":[{"embeddable":true,"href":"https:\/\/zergerler.az\/index.php?rest_route=\/wp\/v2\/media\/82615"}],"wp:attachment":[{"href":"https:\/\/zergerler.az\/index.php?rest_route=%2Fwp%2Fv2%2Fmedia&parent=3982"}],"curies":[{"name":"wp","href":"https:\/\/api.w.org\/{rel}","templated":true}]}}